{"id":13,"date":"2022-07-15T06:16:26","date_gmt":"2022-07-15T06:16:26","guid":{"rendered":"https:\/\/spicar.webis.technology\/?page_id=13"},"modified":"2022-07-15T06:16:26","modified_gmt":"2022-07-15T06:16:26","slug":"o-piskotkih","status":"publish","type":"page","link":"https:\/\/trgovina.hartfix.si\/index.php\/o-piskotkih\/","title":{"rendered":"O pi\u0161kotkih"},"content":{"rendered":"\n<p><strong>Kaj so pi\u0161kotki?<\/strong><\/p>\n\n\n\n<p>Pi\u0161kotki so male besedilne datoteke, ki nas informirajo o tem, kolikokrat obiskovalec obi\u0161\u010de na\u0161o stran in kaj ga v teh obiskih zanima. Pi\u0161kotki sami ne vsebujejo nobenih podatkov. Vedno imate mo\u017enost, da pi\u0161kotke sprejmete ali zavrnete. Njihovo shranjevanje je pod popolnim nadzorom brskalnika, ki ga uporablja uporabnik.<\/p>\n\n\n\n<p>Pi\u0161kotki so majhne datoteke, ki jih obiskana spletna mesta po\u0161ljejo v va\u0161 ra\u010dunalnik in shranijo na njem. Pi\u0161kotki so shranjeni v datote\u010dnem imeniku spletnega brskalnika. Ob naslednjem obisku spletnega mesta brskalnik prebere pi\u0161kotek in posreduje informacije spletnemu mestu ali drugemu elementu, ki je nastavil pi\u0161kotek.<\/p>\n\n\n\n<p><strong>Zakaj so pi\u0161kotki potrebni?<\/strong><\/p>\n\n\n\n<p>Pi\u0161kotki so temeljnega pomena za zagotavljanje uporabniku prijaznih spletnih storitev. Veliko funkcij e-poslovanja ne bi bilo mogo\u010dih brez pi\u0161kotkov. Hitrej\u0161a in enostavnej\u0161a je interakcija med spletnim uporabnikom in spletno stranjo. Z njihovo pomo\u010djo si spletna stran zapomni posameznikove preference in izku\u0161nje, s tem je prihranjen \u010das, brskanje po spletnih straneh pa je s tem bolj u\u010dinkovito in prijetno.<\/p>\n\n\n\n<p><strong>Zakaj spletne strani uporabljajo pi\u0161kotke?<\/strong><\/p>\n\n\n\n<p>Pi\u0161kotki se uporabljajo na spletnih straneh za ohranjanje sve\u017ee in primerne vsebine, ki je v skladu z interesi in preferencami posameznega spletnega uporabnika. Razlogov za uporabo pi\u0161kotkov je tako ve\u010d, kot prvi gotovo njihova lastnost shranjevanja podatkov o stanju posamezne spletne strani (podrobnosti o prilagoditvah posamezne spletne strani), pomagajo pri izvajanju raznih spletnih storitev (spletne trgovine), pomagajo pri zbiranju raznih statistik, o navadah spletnega uporabnika \u2013 saj se le z njimi lahko spremlja pogostost obiskovanja dolo\u010dene spletne strani.<\/p>\n\n\n\n<p>Podjetja lahko s pomo\u010djo pi\u0161kotkov ocenijo u\u010dinkovitost zasnove svojih spletnih strani, kot tudi ustreznost vrste in \u0161tevila oglasov, ki jih ponujajo uporabnikom na svojih spletnih straneh.<\/p>\n\n\n\n<p><strong>Onemogo\u010denje pi\u0161kotkov:<\/strong><\/p>\n\n\n\n<p>Sami se odlo\u010date, ali boste dovolili shranjevanje pi\u0161kotkov na va\u0161em ra\u010dunalniku ali ne. Nastavitve za pi\u0161kotke lahko nadzirate in spreminjate s pomo\u010djo izbranih nastavitev spletnega brskalnika. Za informacije o nastavitvah za pi\u0161kotke, izberite spletni brskalnik, ki ga uporabljate.<\/p>\n\n\n\n<figure class=\"wp-block-table\"><table><tbody><tr><td><a href=\"http:\/\/windows.microsoft.com\/sl-si\/windows-vista\/block-or-allow-cookies\" target=\"_blank\" rel=\"noreferrer noopener\">Internet explorer<\/a><\/td><td><a href=\"https:\/\/support.mozilla.org\/sl\/kb\/Kako%20aktivirate%20in%20deaktivirate%20pi%C5%A1kote\" target=\"_blank\" rel=\"noreferrer noopener\">Mozilla Firefox<\/a><\/td><td><a href=\"https:\/\/support.google.com\/chrome\/answer\/95647?hl=sl-sl&amp;p=cpn_cookies\" target=\"_blank\" rel=\"noreferrer noopener\">Chrome<\/a><\/td><td><a href=\"http:\/\/www.opera.com\/help\/tutorials\/security\/privacy\/\" target=\"_blank\" rel=\"noreferrer noopener\">Opera<\/a><\/td><td><a href=\"https:\/\/support.apple.com\/kb\/PH11920\" target=\"_blank\" rel=\"noreferrer noopener\">Safari<\/a><\/td><\/tr><\/tbody><\/table><\/figure>\n\n\n\n<p><strong>Ali vsi pi\u0161kotki delujejo enako?<\/strong><\/p>\n\n\n\n<p>Ne! Obstaja ve\u010d vrst pi\u0161kotkov, ki imajo razli\u010dne namene. Pi\u0161kotki se razlikujejo po funkciji, \u010dasu trajanja in stranki, ki jih namesti. \u010ce izklopite pi\u0161kotke, so lahko nekatere mo\u017enosti spletne strani onemogo\u010dene. Tudi pri izklopu vseh pi\u0161kotkov spletni brskalnik \u0161e vedno pridobiva nekatere informacije. Te informacije so potrebne za osnovno delovanje na\u0161e spletne strani.<\/p>\n","protected":false},"excerpt":{"rendered":"Kaj so pi\u0161kotki? Pi\u0161kotki so male besedilne datoteke, ki nas informirajo o tem, kolikokrat obiskovalec obi\u0161\u010de na\u0161o stran in kaj ga v teh obiskih zanima. Pi\u0161kotki sami ne vsebujejo nobenih podatkov. Vedno imate mo\u017enost, da pi\u0161kotke sprejmete ali zavrnete. Njihovo shranjevanje je pod popolnim nadzorom brskalnika, ki ga uporablja uporabnik. Pi\u0161kotki so majhne datoteke, ki&#8230;","protected":false},"author":1,"featured_media":0,"parent":0,"menu_order":0,"comment_status":"closed","ping_status":"closed","template":"","meta":[],"_links":{"self":[{"href":"https:\/\/trgovina.hartfix.si\/index.php\/wp-json\/wp\/v2\/pages\/13"}],"collection":[{"href":"https:\/\/trgovina.hartfix.si\/index.php\/wp-json\/wp\/v2\/pages"}],"about":[{"href":"https:\/\/trgovina.hartfix.si\/index.php\/wp-json\/wp\/v2\/types\/page"}],"author":[{"embeddable":true,"href":"https:\/\/trgovina.hartfix.si\/index.php\/wp-json\/wp\/v2\/users\/1"}],"replies":[{"embeddable":true,"href":"https:\/\/trgovina.hartfix.si\/index.php\/wp-json\/wp\/v2\/comments?post=13"}],"version-history":[{"count":1,"href":"https:\/\/trgovina.hartfix.si\/index.php\/wp-json\/wp\/v2\/pages\/13\/revisions"}],"predecessor-version":[{"id":14,"href":"https:\/\/trgovina.hartfix.si\/index.php\/wp-json\/wp\/v2\/pages\/13\/revisions\/14"}],"wp:attachment":[{"href":"https:\/\/trgovina.hartfix.si\/index.php\/wp-json\/wp\/v2\/media?parent=13"}],"curies":[{"name":"wp","href":"https:\/\/api.w.org\/{rel}","templated":true}]}}